{"id":664,"date":"2017-08-08T18:50:14","date_gmt":"2017-08-08T23:50:14","guid":{"rendered":"http:\/\/lemcargo.com\/nuevo\/?page_id=664"},"modified":"2017-11-02T12:33:35","modified_gmt":"2017-11-02T17:33:35","slug":"mision-y-vision","status":"publish","type":"page","link":"https:\/\/lemcargo.com\/\/mision-y-vision\/","title":{"rendered":"Misi\u00f3n y Visi\u00f3n"},"content":{"rendered":"\t\t<div data-elementor-type=\"wp-page\" data-elementor-id=\"664\" class=\"elementor elementor-664 elementor-bc-flex-widget\">\n\t\t\t\t\t\t<section class=\"elementor-section elementor-top-section elementor-element elementor-element-q56y31j elementor-section-boxed elementor-section-height-default elementor-section-height-default\" data-id=\"q56y31j\" data-element_type=\"section\">\n\t\t\t\t\t\t<div class=\"elementor-container elementor-column-gap-default\">\n\t\t\t\t\t<div class=\"elementor-column elementor-col-50 elementor-top-column elementor-element elementor-element-30isytj\" data-id=\"30isytj\" data-element_type=\"column\">\n\t\t\t<div class=\"elementor-widget-wrap elementor-element-populated\">\n\t\t\t\t\t\t<div class=\"elementor-element elementor-element-hjrgnv0 elementor-tabs-view-horizontal elementor-invisible elementor-widget elementor-widget-tabs\" data-id=\"hjrgnv0\" data-element_type=\"widget\" data-settings=\"{&quot;_animation&quot;:&quot;fadeInUp&quot;}\" data-widget_type=\"tabs.default\">\n\t\t\t\t<div class=\"elementor-widget-container\">\n\t\t\t\t\t\t\t<div class=\"elementor-tabs\">\n\t\t\t<div class=\"elementor-tabs-wrapper\" role=\"tablist\" >\n\t\t\t\t\t\t\t\t\t<div id=\"elementor-tab-title-01\" class=\"elementor-tab-title elementor-tab-desktop-title\" aria-selected=\"true\" data-tab=\"1\" role=\"tab\" tabindex=\"0\" aria-controls=\"elementor-tab-content-01\" aria-expanded=\"false\">Misi\u00f3n<\/div>\n\t\t\t\t\t\t\t\t\t<div id=\"elementor-tab-title-02\" class=\"elementor-tab-title elementor-tab-desktop-title\" aria-selected=\"false\" data-tab=\"2\" role=\"tab\" tabindex=\"-1\" aria-controls=\"elementor-tab-content-02\" aria-expanded=\"false\">Visi\u00f3n<\/div>\n\t\t\t\t\t\t\t<\/div>\n\t\t\t<div class=\"elementor-tabs-content-wrapper\" role=\"tablist\" aria-orientation=\"vertical\">\n\t\t\t\t\t\t\t\t\t<div class=\"elementor-tab-title elementor-tab-mobile-title\" aria-selected=\"true\" data-tab=\"1\" role=\"tab\" tabindex=\"0\" aria-controls=\"elementor-tab-content-01\" aria-expanded=\"false\">Misi\u00f3n<\/div>\n\t\t\t\t\t<div id=\"elementor-tab-content-01\" class=\"elementor-tab-content elementor-clearfix\" data-tab=\"1\" role=\"tabpanel\" aria-labelledby=\"elementor-tab-title-01\" tabindex=\"0\" hidden=\"false\"><img decoding=\"async\" class=\" wp-image-660 alignleft\" src=\"http:\/\/lemcargo.com\/nuevo\/wp-content\/uploads\/2017\/07\/logos-lem-azul1.png\" alt=\"\" width=\"228\" height=\"128\" srcset=\"https:\/\/lemcargo.com\/wp-content\/uploads\/2017\/07\/logos-lem-azul1.png 1920w, https:\/\/lemcargo.com\/wp-content\/uploads\/2017\/07\/logos-lem-azul1-300x169.png 300w, https:\/\/lemcargo.com\/wp-content\/uploads\/2017\/07\/logos-lem-azul1-768x432.png 768w, https:\/\/lemcargo.com\/wp-content\/uploads\/2017\/07\/logos-lem-azul1-1024x576.png 1024w, https:\/\/lemcargo.com\/wp-content\/uploads\/2017\/07\/logos-lem-azul1-830x467.png 830w, https:\/\/lemcargo.com\/wp-content\/uploads\/2017\/07\/logos-lem-azul1-230x129.png 230w, https:\/\/lemcargo.com\/wp-content\/uploads\/2017\/07\/logos-lem-azul1-350x197.png 350w, https:\/\/lemcargo.com\/wp-content\/uploads\/2017\/07\/logos-lem-azul1-480x270.png 480w\" sizes=\"(max-width: 228px) 100vw, 228px\" \/>\n<p align=\"justify\">\nSomos una empresa multimodal con experiencia en el servicio de carga y log\u00edstica de distribuci\u00f3n, con alta calidad y excelencia en servicio, contribuyendo a la productividad de nuestros clientes y al desarrollo social sostenible del pa\u00eds, a trav\u00e9s de un compromiso de seriedad y cumplimiento en cada una de nuestras operaciones.<\/div>\n\t\t\t\t\t\t\t\t\t<div class=\"elementor-tab-title elementor-tab-mobile-title\" aria-selected=\"false\" data-tab=\"2\" role=\"tab\" tabindex=\"-1\" aria-controls=\"elementor-tab-content-02\" aria-expanded=\"false\">Visi\u00f3n<\/div>\n\t\t\t\t\t<div id=\"elementor-tab-content-02\" class=\"elementor-tab-content elementor-clearfix\" data-tab=\"2\" role=\"tabpanel\" aria-labelledby=\"elementor-tab-title-02\" tabindex=\"0\" hidden=\"hidden\"><img decoding=\"async\" class=\"wp-image-660 alignleft\" src=\"http:\/\/lemcargo.com\/nuevo\/wp-content\/uploads\/2017\/07\/logos-lem-azul1.png\" alt=\"\" width=\"226\" height=\"127\" srcset=\"https:\/\/lemcargo.com\/wp-content\/uploads\/2017\/07\/logos-lem-azul1.png 1920w, https:\/\/lemcargo.com\/wp-content\/uploads\/2017\/07\/logos-lem-azul1-300x169.png 300w, https:\/\/lemcargo.com\/wp-content\/uploads\/2017\/07\/logos-lem-azul1-768x432.png 768w, https:\/\/lemcargo.com\/wp-content\/uploads\/2017\/07\/logos-lem-azul1-1024x576.png 1024w, https:\/\/lemcargo.com\/wp-content\/uploads\/2017\/07\/logos-lem-azul1-830x467.png 830w, https:\/\/lemcargo.com\/wp-content\/uploads\/2017\/07\/logos-lem-azul1-230x129.png 230w, https:\/\/lemcargo.com\/wp-content\/uploads\/2017\/07\/logos-lem-azul1-350x197.png 350w, https:\/\/lemcargo.com\/wp-content\/uploads\/2017\/07\/logos-lem-azul1-480x270.png 480w\" sizes=\"(max-width: 226px) 100vw, 226px\" \/>\n<p align=\"justify\">\nPara el a\u00f1o 2022, seremos la mejor y m\u00e1s completa empresa de transporte multimodal y log\u00edstica de distribuci\u00f3n de carga, con domicilio principal en la ciudad de San Andr\u00e9s; con presencia en las principales ciudades del pa\u00eds, para llegar a ser el proveedor de servicios preferido por nuestros clientes, manteniendo un alto nivel de calidad en cada operaci\u00f3n.<\/div>\n\t\t\t\t\t\t\t<\/div>\n\t\t<\/div>\n\t\t\t\t\t\t<\/div>\n\t\t\t\t<\/div>\n\t\t\t\t<div class=\"elementor-element elementor-element-idqxumb elementor-invisible elementor-widget elementor-widget-toggle\" data-id=\"idqxumb\" data-element_type=\"widget\" data-settings=\"{&quot;_animation&quot;:&quot;zoomIn&quot;}\" data-widget_type=\"toggle.default\">\n\t\t\t\t<div class=\"elementor-widget-container\">\n\t\t\t\t\t\t\t<div class=\"elementor-toggle\">\n\t\t\t\t\t\t\t<div class=\"elementor-toggle-item\">\n\t\t\t\t\t<div id=\"elementor-tab-title-2191\" class=\"elementor-tab-title\" data-tab=\"1\" role=\"button\" aria-controls=\"elementor-tab-content-2191\" aria-expanded=\"false\">\n\t\t\t\t\t\t\t\t\t\t\t\t<span class=\"elementor-toggle-icon elementor-toggle-icon-left\" aria-hidden=\"true\">\n\t\t\t\t\t\t\t\t\t\t\t\t\t\t\t<i class=\"elementor-toggle-icon-closed fa fa-caret-right\"><\/i>\n\t\t\t\t\t\t\t\t<i class=\"elementor-toggle-icon-opened fa fa-caret-up\"><\/i>\n\t\t\t\t\t\t\t\t\t\t\t\t\t<\/span>\n\t\t\t\t\t\t\t\t\t\t\t\t<a class=\"elementor-toggle-title\" tabindex=\"0\">Seriedad y Cumplimiento<\/a>\n\t\t\t\t\t<\/div>\n\n\t\t\t\t\t<div id=\"elementor-tab-content-2191\" class=\"elementor-tab-content elementor-clearfix\" data-tab=\"1\" role=\"region\" aria-labelledby=\"elementor-tab-title-2191\"><p align=\"justify\">Eslogan de la compa\u00f1\u00eda el cual refleja el compromiso de todo un equipo humano, enfocado en brindar el mejor servicio de transporte, con calidad, agilidad y precios competitivos, que ponemos a disposici\u00f3n para satisface la necesidad de nuestros usuarios.<\/p><\/div>\n\t\t\t\t<\/div>\n\t\t\t\t\t\t\t<div class=\"elementor-toggle-item\">\n\t\t\t\t\t<div id=\"elementor-tab-title-2192\" class=\"elementor-tab-title\" data-tab=\"2\" role=\"button\" aria-controls=\"elementor-tab-content-2192\" aria-expanded=\"false\">\n\t\t\t\t\t\t\t\t\t\t\t\t<span class=\"elementor-toggle-icon elementor-toggle-icon-left\" aria-hidden=\"true\">\n\t\t\t\t\t\t\t\t\t\t\t\t\t\t\t<i class=\"elementor-toggle-icon-closed fa fa-caret-right\"><\/i>\n\t\t\t\t\t\t\t\t<i class=\"elementor-toggle-icon-opened fa fa-caret-up\"><\/i>\n\t\t\t\t\t\t\t\t\t\t\t\t\t<\/span>\n\t\t\t\t\t\t\t\t\t\t\t\t<a class=\"elementor-toggle-title\" tabindex=\"0\">Estabilidad Financiera<\/a>\n\t\t\t\t\t<\/div>\n\n\t\t\t\t\t<div id=\"elementor-tab-content-2192\" class=\"elementor-tab-content elementor-clearfix\" data-tab=\"2\" role=\"region\" aria-labelledby=\"elementor-tab-title-2192\"><p align=\"justify\">Somos una compa\u00f1\u00eda auto sostenible que cuenta con prestigio en el sector de transporte, gracias a nuestro cumplimiento fortalecemos alianzas comerciales.<\/div>\n\t\t\t\t<\/div>\n\t\t\t\t\t\t\t<div class=\"elementor-toggle-item\">\n\t\t\t\t\t<div id=\"elementor-tab-title-2193\" class=\"elementor-tab-title\" data-tab=\"3\" role=\"button\" aria-controls=\"elementor-tab-content-2193\" aria-expanded=\"false\">\n\t\t\t\t\t\t\t\t\t\t\t\t<span class=\"elementor-toggle-icon elementor-toggle-icon-left\" aria-hidden=\"true\">\n\t\t\t\t\t\t\t\t\t\t\t\t\t\t\t<i class=\"elementor-toggle-icon-closed fa fa-caret-right\"><\/i>\n\t\t\t\t\t\t\t\t<i class=\"elementor-toggle-icon-opened fa fa-caret-up\"><\/i>\n\t\t\t\t\t\t\t\t\t\t\t\t\t<\/span>\n\t\t\t\t\t\t\t\t\t\t\t\t<a class=\"elementor-toggle-title\" tabindex=\"0\">Referencias Comerciales<\/a>\n\t\t\t\t\t<\/div>\n\n\t\t\t\t\t<div id=\"elementor-tab-content-2193\" class=\"elementor-tab-content elementor-clearfix\" data-tab=\"3\" role=\"region\" aria-labelledby=\"elementor-tab-title-2193\"><p align=\"justify\">\nGracias a nuestra trayectoria en el mercado, contamos con la confianza de clientes importantes que respaldan nuestra labor.<\/div>\n\t\t\t\t<\/div>\n\t\t\t\t\t\t\t<div class=\"elementor-toggle-item\">\n\t\t\t\t\t<div id=\"elementor-tab-title-2194\" class=\"elementor-tab-title\" data-tab=\"4\" role=\"button\" aria-controls=\"elementor-tab-content-2194\" aria-expanded=\"false\">\n\t\t\t\t\t\t\t\t\t\t\t\t<span class=\"elementor-toggle-icon elementor-toggle-icon-left\" aria-hidden=\"true\">\n\t\t\t\t\t\t\t\t\t\t\t\t\t\t\t<i class=\"elementor-toggle-icon-closed fa fa-caret-right\"><\/i>\n\t\t\t\t\t\t\t\t<i class=\"elementor-toggle-icon-opened fa fa-caret-up\"><\/i>\n\t\t\t\t\t\t\t\t\t\t\t\t\t<\/span>\n\t\t\t\t\t\t\t\t\t\t\t\t<a class=\"elementor-toggle-title\" tabindex=\"0\">Talento Humano<\/a>\n\t\t\t\t\t<\/div>\n\n\t\t\t\t\t<div id=\"elementor-tab-content-2194\" class=\"elementor-tab-content elementor-clearfix\" data-tab=\"4\" role=\"region\" aria-labelledby=\"elementor-tab-title-2194\"><p align=\"justify\">\nContamos con personal altamente calificado, capacitado y seleccionado para poder satisfacer de forma oportuna y personalizada las necesidades de nuestros clientes.<\/div>\n\t\t\t\t<\/div>\n\t\t\t\t\t\t\t\t<\/div>\n\t\t\t\t\t\t<\/div>\n\t\t\t\t<\/div>\n\t\t\t\t\t<\/div>\n\t\t<\/div>\n\t\t\t\t<div class=\"elementor-column elementor-col-50 elementor-top-column elementor-element elementor-element-p6xcrqs\" data-id=\"p6xcrqs\" data-element_type=\"column\">\n\t\t\t<div class=\"elementor-widget-wrap elementor-element-populated\">\n\t\t\t\t\t\t<div class=\"elementor-element elementor-element-zkl1flh elementor-widget elementor-widget-image\" data-id=\"zkl1flh\" data-element_type=\"widget\" data-widget_type=\"image.default\">\n\t\t\t\t<div class=\"elementor-widget-container\">\n\t\t\t\t\t\t\t\t\t\t\t\t\t\t\t<img fetchpriority=\"high\" decoding=\"async\" width=\"678\" height=\"1024\" src=\"https:\/\/lemcargo.com\/wp-content\/uploads\/2017\/11\/WhatsApp-Image-2017-11-02-at-10.15.08-AM-678x1024.jpeg\" class=\"attachment-large size-large wp-image-853\" alt=\"\" srcset=\"https:\/\/lemcargo.com\/wp-content\/uploads\/2017\/11\/WhatsApp-Image-2017-11-02-at-10.15.08-AM-678x1024.jpeg 678w, https:\/\/lemcargo.com\/wp-content\/uploads\/2017\/11\/WhatsApp-Image-2017-11-02-at-10.15.08-AM-199x300.jpeg 199w, https:\/\/lemcargo.com\/wp-content\/uploads\/2017\/11\/WhatsApp-Image-2017-11-02-at-10.15.08-AM-768x1161.jpeg 768w, https:\/\/lemcargo.com\/wp-content\/uploads\/2017\/11\/WhatsApp-Image-2017-11-02-at-10.15.08-AM-830x1254.jpeg 830w, https:\/\/lemcargo.com\/wp-content\/uploads\/2017\/11\/WhatsApp-Image-2017-11-02-at-10.15.08-AM-230x348.jpeg 230w, https:\/\/lemcargo.com\/wp-content\/uploads\/2017\/11\/WhatsApp-Image-2017-11-02-at-10.15.08-AM-350x529.jpeg 350w, https:\/\/lemcargo.com\/wp-content\/uploads\/2017\/11\/WhatsApp-Image-2017-11-02-at-10.15.08-AM-480x725.jpeg 480w, https:\/\/lemcargo.com\/wp-content\/uploads\/2017\/11\/WhatsApp-Image-2017-11-02-at-10.15.08-AM.jpeg 847w\" sizes=\"(max-width: 678px) 100vw, 678px\" \/>\t\t\t\t\t\t\t\t\t\t\t\t\t\t\t<\/div>\n\t\t\t\t<\/div>\n\t\t\t\t\t<\/div>\n\t\t<\/div>\n\t\t\t\t\t<\/div>\n\t\t<\/section>\n\t\t\t\t<\/div>\n\t\t","protected":false},"excerpt":{"rendered":"<p>Misi\u00f3n Visi\u00f3n Misi\u00f3n Somos una empresa multimodal con experiencia en el servicio de carga y log\u00edstica de distribuci\u00f3n, con alta calidad y [&hellip;]<\/p>\n","protected":false},"author":1,"featured_media":0,"parent":0,"menu_order":0,"comment_status":"closed","ping_status":"closed","template":"page-templates\/page_fullwidth.php","meta":{"footnotes":""},"class_list":["post-664","page","type-page","status-publish","hentry"],"_links":{"self":[{"href":"https:\/\/lemcargo.com\/\/wp-json\/wp\/v2\/pages\/664","targetHints":{"allow":["GET"]}}],"collection":[{"href":"https:\/\/lemcargo.com\/\/wp-json\/wp\/v2\/pages"}],"about":[{"href":"https:\/\/lemcargo.com\/\/wp-json\/wp\/v2\/types\/page"}],"author":[{"embeddable":true,"href":"https:\/\/lemcargo.com\/\/wp-json\/wp\/v2\/users\/1"}],"replies":[{"embeddable":true,"href":"https:\/\/lemcargo.com\/\/wp-json\/wp\/v2\/comments?post=664"}],"version-history":[{"count":19,"href":"https:\/\/lemcargo.com\/\/wp-json\/wp\/v2\/pages\/664\/revisions"}],"predecessor-version":[{"id":854,"href":"https:\/\/lemcargo.com\/\/wp-json\/wp\/v2\/pages\/664\/revisions\/854"}],"wp:attachment":[{"href":"https:\/\/lemcargo.com\/\/wp-json\/wp\/v2\/media?parent=664"}],"curies":[{"name":"wp","href":"https:\/\/api.w.org\/{rel}","templated":true}]}}